{"id":35,"date":"2009-03-12T09:15:07","date_gmt":"2009-03-12T08:15:07","guid":{"rendered":"http:\/\/knihovna.nyrany.cz\/?page_id=35"},"modified":"2024-04-16T13:12:10","modified_gmt":"2024-04-16T11:12:10","slug":"kontakty","status":"publish","type":"page","link":"http:\/\/knihovna.nyrany.cz\/?page_id=35","title":{"rendered":"Kontakty"},"content":{"rendered":"<h4>M\u011bstsk\u00e1 knihovna N\u00fd\u0159any<br \/>\nNerudova 411<br \/>\n33023 N\u00fd\u0159any<\/h4>\n<p>v\u00fdp\u016fj\u010dky &#8211;\u00a0\u00a0 Vladim\u00edra V\u00e1chov\u00e1 ,\u00a0 tel. 720 938 222\u00a0\u00a0\u00a0\u00a0\u00a0\u00a0\u00a0 p\u016fj\u010dovna &#8211; jen v provozn\u00ed dob\u011b<br \/>\nvedouc\u00ed\u00a0 &#8211;\u00a0\u00a0 Stanislava Bauerov\u00e1, tel. 720 938 216\u00a0\u00a0\u00a0\u00a0\u00a0\u00a0\u00a0 kancel\u00e1\u0159<\/p>\n<p>e-mail: <a href=\"mailto:knihovna@mesto-nyrany.cz\">knihovna@mesto-nyrany.cz<\/a><\/p>\n<p><iframe loading=\"lazy\" src=\"https:\/\/www.google.com\/maps\/embed?pb=!1m18!1m12!1m3!1d2579.9019249635194!2d13.204063551648558!3d49.71264807927903!2m3!1f0!2f0!3f0!3m2!1i1024!2i768!4f13.1!3m3!1m2!1s0x470a9321bd48d0d1%3A0x5414111df738b4f4!2sNerudova+411%2C+330+23+N%C3%BD%C5%99any!5e0!3m2!1scs!2scz!4v1475422986734\" width=\"600\" height=\"450\" frameborder=\"0\" allowfullscreen=\"allowfullscreen\"><\/iframe><\/p>\n<h4>z\u0159izovatel:<\/h4>\n<h4>M\u011bsto N\u00fd\u0159any<br \/>\nBene\u0161ova t\u0159\u00edda 295<br \/>\n330 23 N\u00fd\u0159any<\/h4>\n","protected":false},"excerpt":{"rendered":"<p>M\u011bstsk\u00e1 knihovna N\u00fd\u0159any Nerudova 411 33023 N\u00fd\u0159any v\u00fdp\u016fj\u010dky &#8211;\u00a0\u00a0 Vladim\u00edra V\u00e1chov\u00e1 ,\u00a0 tel. 720 938 222\u00a0\u00a0\u00a0\u00a0\u00a0\u00a0\u00a0 p\u016fj\u010dovna &#8211; jen v provozn\u00ed dob\u011b vedouc\u00ed\u00a0 &#8211;\u00a0\u00a0 Stanislava Bauerov\u00e1, tel. 720 938 216\u00a0\u00a0\u00a0\u00a0\u00a0\u00a0\u00a0 kancel\u00e1\u0159 e-mail: knihovna@mesto-nyrany.cz z\u0159izovatel: M\u011bsto N\u00fd\u0159any Bene\u0161ova t\u0159\u00edda 295 330 23 N\u00fd\u0159any<\/p>\n","protected":false},"author":3,"featured_media":0,"parent":0,"menu_order":100,"comment_status":"closed","ping_status":"closed","template":"","meta":{"footnotes":""},"class_list":["post-35","page","type-page","status-publish","hentry"],"_links":{"self":[{"href":"http:\/\/knihovna.nyrany.cz\/index.php?rest_route=\/wp\/v2\/pages\/35","targetHints":{"allow":["GET"]}}],"collection":[{"href":"http:\/\/knihovna.nyrany.cz\/index.php?rest_route=\/wp\/v2\/pages"}],"about":[{"href":"http:\/\/knihovna.nyrany.cz\/index.php?rest_route=\/wp\/v2\/types\/page"}],"author":[{"embeddable":true,"href":"http:\/\/knihovna.nyrany.cz\/index.php?rest_route=\/wp\/v2\/users\/3"}],"replies":[{"embeddable":true,"href":"http:\/\/knihovna.nyrany.cz\/index.php?rest_route=%2Fwp%2Fv2%2Fcomments&post=35"}],"version-history":[{"count":57,"href":"http:\/\/knihovna.nyrany.cz\/index.php?rest_route=\/wp\/v2\/pages\/35\/revisions"}],"predecessor-version":[{"id":4822,"href":"http:\/\/knihovna.nyrany.cz\/index.php?rest_route=\/wp\/v2\/pages\/35\/revisions\/4822"}],"wp:attachment":[{"href":"http:\/\/knihovna.nyrany.cz\/index.php?rest_route=%2Fwp%2Fv2%2Fmedia&parent=35"}],"curies":[{"name":"wp","href":"https:\/\/api.w.org\/{rel}","templated":true}]}}