{"id":5071,"date":"2025-02-26T14:56:29","date_gmt":"2025-02-26T13:56:29","guid":{"rendered":"http:\/\/knihovna.nyrany.cz\/?page_id=5071"},"modified":"2025-09-09T13:18:17","modified_gmt":"2025-09-09T11:18:17","slug":"poprve-v-knihovne","status":"publish","type":"page","link":"http:\/\/knihovna.nyrany.cz\/?page_id=5071","title":{"rendered":"Poprv\u00e9 v knihovn\u011b"},"content":{"rendered":"\n<figure class=\"wp-block-image\"><img loading=\"lazy\" decoding=\"async\" width=\"529\" height=\"385\" src=\"http:\/\/knihovna.nyrany.cz\/wp-content\/uploads\/2025\/02\/obrazek-registrace-PC.jpg\" alt=\"\" class=\"wp-image-5025\" srcset=\"http:\/\/knihovna.nyrany.cz\/wp-content\/uploads\/2025\/02\/obrazek-registrace-PC.jpg 529w, http:\/\/knihovna.nyrany.cz\/wp-content\/uploads\/2025\/02\/obrazek-registrace-PC-300x218.jpg 300w\" sizes=\"auto, (max-width: 529px) 100vw, 529px\" \/><\/figure>\n\n\n\n<p><\/p>\n\n\n\n<h2 class=\"wp-block-heading\">Nejprve se mus\u00edte zaregistrovat<\/h2>\n\n\n\n<p><strong>k tomu pot\u0159ebujete<\/strong>:<\/p>\n\n\n\n<ul class=\"wp-block-list\">\n<li>d\u011bti do 15 let: z\u00e1konn\u00e9ho z\u00e1stupce s pr\u016fkazem toto\u017enosti<\/li>\n\n\n\n<li>studenti nad 15 let: pr\u016fkaz toto\u017enosti a studijn\u00ed pr\u016fkaz pro uplatn\u011bn\u00ed slevy<\/li>\n\n\n\n<li>dosp\u011bl\u00ed: pr\u016fkaz toto\u017enosti<\/li>\n\n\n\n<li>odpov\u00eddaj\u00edc\u00ed finan\u010dn\u00ed obnos (viz cen\u00edk slu\u017eeb)<\/li>\n<\/ul>\n\n\n\n<figure class=\"wp-block-image is-resized\"><img loading=\"lazy\" decoding=\"async\" width=\"348\" height=\"348\" src=\"http:\/\/knihovna.nyrany.cz\/wp-content\/uploads\/2025\/02\/vykricnik-cerveny-1.png\" alt=\"\" class=\"wp-image-5020\" style=\"width:210px;height:auto\" srcset=\"http:\/\/knihovna.nyrany.cz\/wp-content\/uploads\/2025\/02\/vykricnik-cerveny-1.png 348w, http:\/\/knihovna.nyrany.cz\/wp-content\/uploads\/2025\/02\/vykricnik-cerveny-1-300x300.png 300w, http:\/\/knihovna.nyrany.cz\/wp-content\/uploads\/2025\/02\/vykricnik-cerveny-1-150x150.png 150w\" sizes=\"auto, (max-width: 348px) 100vw, 348px\" \/><\/figure>\n\n\n\n<h2 class=\"wp-block-heading\">D\u016fle\u017eit\u00e9 !!!<\/h2>\n\n\n\n<ul class=\"wp-block-list\">\n<li>\u010cten\u00e1\u0159sk\u00fd pr\u016fkaz je vystaven na Va\u0161e jm\u00e9no, proto je nep\u0159enosn\u00fd.<\/li>\n\n\n\n<li>\u010cten\u00e1\u0159sk\u00fd pr\u016fkaz je aktivn\u00ed jeden rok. Pot\u00e9 je nutn\u00e9 zaplacen\u00edm registra\u010dn\u00edho poplatku op\u011bt registraci obnovit.<\/li>\n\n\n\n<li>Doba v\u00fdp\u016fj\u010dky je jeden m\u011bs\u00edc. V\u00fdp\u016fj\u010dku lze a\u017e 2x prodlou\u017eit.<\/li>\n\n\n\n<li>Prodlu\u017eov\u00e1n\u00ed v\u00fdp\u016fj\u010dek je mo\u017en\u00e9 on-line prost\u0159ednictv\u00edm \u010dten\u00e1\u0159sk\u00e9ho konta v on-line katalogu, telefonicky, e-mailem nebo osobn\u00ed n\u00e1v\u0161t\u011bvou knihovny.<\/li>\n<\/ul>\n\n\n\n<h2 class=\"wp-block-heading\">Jak se u n\u00e1s orientovat ?<\/h2>\n\n\n\n<figure class=\"wp-block-image is-resized\"><img loading=\"lazy\" decoding=\"async\" width=\"600\" height=\"600\" src=\"http:\/\/knihovna.nyrany.cz\/wp-content\/uploads\/2025\/02\/smerove-sipky-2.jpg\" alt=\"\" class=\"wp-image-5013\" style=\"width:251px;height:auto\" srcset=\"http:\/\/knihovna.nyrany.cz\/wp-content\/uploads\/2025\/02\/smerove-sipky-2.jpg 600w, http:\/\/knihovna.nyrany.cz\/wp-content\/uploads\/2025\/02\/smerove-sipky-2-300x300.jpg 300w, http:\/\/knihovna.nyrany.cz\/wp-content\/uploads\/2025\/02\/smerove-sipky-2-150x150.jpg 150w\" sizes=\"auto, (max-width: 600px) 100vw, 600px\" \/><\/figure>\n\n\n\n<h2 class=\"wp-block-heading\">&nbsp;<\/h2>\n\n\n\n<p class=\"has-text-align-left\">Knihy, kter\u00e9 m\u00e1me ve fondu knihovny jsou rozd\u011bleny na knihy pro <strong>DOSP\u011aL\u00c9<\/strong> a pro <strong>D\u011aTI<\/strong>. <\/p>\n\n\n\n<p class=\"has-text-align-left\">D\u00e1le se ob\u011b skupiny d\u011bl\u00ed na <strong>BELETRII<\/strong> (kr\u00e1snou literaturu) a <strong>NAU\u010cNOU<\/strong> literaturu.<\/p>\n\n\n\n<p><strong>Beletrie<\/strong><\/p>\n\n\n\n<ul class=\"wp-block-list\">\n<li>je \u0159azena abecedn\u011b podle p\u0159\u00edjmen\u00ed autora \u2013 prvn\u00ed t\u0159i p\u00edsmena ( nap\u0159. Neruda hled\u00e1m N, pak NER )<\/li>\n\n\n\n<li>knihy, kter\u00e9 nemaj\u00ed hlavn\u00edho autora, jsou \u0159azeny abecedn\u011b podle prvn\u00edho slova z n\u00e1zvu knihy<\/li>\n\n\n\n<li>samostatn\u011b m\u00e1me vy\u010dlen\u011bnou poezii a cizojazy\u010dnou literaturu&nbsp;<\/li>\n<\/ul>\n\n\n\n<p><strong>Nau\u010dn\u00e1 literatura<\/strong><\/p>\n\n\n\n<ul class=\"wp-block-list\">\n<li>je t\u0159\u00edd\u011bna podle tzv. Mezin\u00e1rodn\u00edho desetinn\u00e9ho t\u0159\u00edd\u011bn\u00ed (MDT)<\/li>\n\n\n\n<li>jednotliv\u00e1 t\u00e9mata jsou rozd\u011blena do deseti t\u0159\u00edd, kter\u00e9 jsou ozna\u010deny \u010d\u00edslic\u00ed; ka\u017ed\u00e1 t\u0159\u00edda se m\u016f\u017ee d\u00e1le \u010dlenit do dal\u0161\u00edch podt\u0159\u00edd. (\u00dadaj najdete na h\u0159betu knihy dole nap\u0159.159.9)<\/li>\n\n\n\n<li>v r\u00e1mci t\u0159\u00eddn\u00edku jsou knihy \u0159azeny abecedn\u011b podle p\u0159\u00edjmen\u00ed autora (\u00dadaj najdete na h\u0159betu knihy naho\u0159e nap\u0159. autor Va\u0161\u00ed\u010dek \u2013 hled\u00e1m V)<\/li>\n\n\n\n<li>pro lep\u0161\u00ed p\u0159edstavu o \u0159azen\u00ed nab\u00edz\u00edme MDT- stru\u010dn\u00fd p\u0159ehled&nbsp;<\/li>\n<\/ul>\n\n\n\n<p>***<\/p>\n\n\n\n<p><em><strong>P\u0159ehled t\u0159\u00edd MDT (Mezin\u00e1rodn\u00ed desetinn\u00e9 t\u0159\u00edd\u011bn\u00ed) pro orientaci&nbsp;<\/strong><strong>nau\u010dn\u00e9 literatury na reg\u00e1le<\/strong><\/em><\/p>\n\n\n\n<p><strong>0 V\u0160EOBECNOSTI<\/strong><\/p>\n\n\n\n<p><strong>1 FILOZOFIE. PSYCHOLOGIE<\/strong><\/p>\n\n\n\n<p><strong>2 N\u00c1BO\u017dENSTV\u00cd. TEOLOGIE<\/strong><\/p>\n\n\n\n<p><strong>3 SPOLE\u010cENSK\u00c9 V\u011aDY<\/strong><\/p>\n\n\n\n<p>32 Politika<\/p>\n\n\n\n<p>33 Ekonomika<\/p>\n\n\n\n<p>34 Pr\u00e1vo<\/p>\n\n\n\n<p>35 Ve\u0159ejn\u00e1 spr\u00e1va. St\u00e1tn\u00ed spr\u00e1va. Vojenstv\u00ed<\/p>\n\n\n\n<p>37 V\u00fdchova. Vzd\u011bl\u00e1v\u00e1n\u00ed. Vyu\u010dov\u00e1n\u00ed<\/p>\n\n\n\n<p>39 N\u00e1rodopis. Zvyky a oby\u010deje. Folkl\u00f3r<\/p>\n\n\n\n<p><strong>4<\/strong> neobsazena<\/p>\n\n\n\n<p><strong>5 MATEMATIKA. P\u0158\u00cdRODN\u00cd V\u011aDY<\/strong><\/p>\n\n\n\n<p>50 \u017divotn\u00ed prost\u0159ed\u00ed<\/p>\n\n\n\n<p>51 Matematika<\/p>\n\n\n\n<p>52 Astronomie<\/p>\n\n\n\n<p>53 Fyzika<\/p>\n\n\n\n<p>54 Chemie. Mineralogie<\/p>\n\n\n\n<p>55 Geologie. Meteorologie<\/p>\n\n\n\n<p>56 Paleontologie<\/p>\n\n\n\n<p>57 Biologie<\/p>\n\n\n\n<p>58 Botanika<\/p>\n\n\n\n<p>59 Zoologie<\/p>\n\n\n\n<p><strong>6 U\u017dIT\u00c9 V\u011aDY. MEDIC\u00cdNA. TECHNIKA<\/strong><\/p>\n\n\n\n<p>61 L\u00e9ka\u0159stv\u00ed<\/p>\n\n\n\n<p>62 Technika v\u0161eobecn\u011b<\/p>\n\n\n\n<p>63 Zem\u011bd\u011blstv\u00ed. Lesnictv\u00ed. P\u011bstov\u00e1n\u00ed rostlin. Chov zv\u00ed\u0159at. Lov. Ryb\u00e1\u0159stv\u00ed<\/p>\n\n\n\n<p>64 Dom\u00e1c\u00ed hospod\u00e1\u0159stv\u00ed<\/p>\n\n\n\n<p>67 R\u016fzn\u00e1 odv\u011btv\u00ed<\/p>\n\n\n\n<p>69 Stavebnictv\u00ed<\/p>\n\n\n\n<p><strong>7 UM\u011aN\u00cd. ARCHITEKTURA. FOTOGRAFIE. HUDBA. Z\u00c1BAVY.SPORT<\/strong><\/p>\n\n\n\n<p>72 Architektura<\/p>\n\n\n\n<p>73 Socha\u0159stv\u00ed. Numizmatika. Um\u011bleck\u00e9 zpracov\u00e1n\u00ed kov\u016f.<\/p>\n\n\n\n<p>74 Kreslen\u00ed. Um\u011bleck\u00e1 \u0159emesla<\/p>\n\n\n\n<p>75 Mal\u00ed\u0159stv\u00ed<\/p>\n\n\n\n<p>76 Grafika<\/p>\n\n\n\n<p>77 Fotografie<\/p>\n\n\n\n<p>78 Hudba<\/p>\n\n\n\n<p>79 Z\u00e1bavy. Hry. Sport. Divadlo. Film<\/p>\n\n\n\n<p><strong>8 JAZYKOV\u011aDA. LITERATURA<\/strong><\/p>\n\n\n\n<p><strong>9 GEOGRAIE. D\u011aJINY<\/strong><\/p>\n\n\n\n<p>908 Vlastiv\u011bda<\/p>\n\n\n\n<p>91 Geografie. Cestov\u00e1n\u00ed<\/p>\n\n\n\n<p>92 \u017divotopisy<\/p>\n\n\n\n<p>93\/99 D\u011bjiny<\/p>\n","protected":false},"excerpt":{"rendered":"<p>Nejprve se mus\u00edte zaregistrovat k tomu pot\u0159ebujete: D\u016fle\u017eit\u00e9 !!! Jak se u n\u00e1s orientovat ? &nbsp; Knihy, kter\u00e9 m\u00e1me ve fondu knihovny jsou rozd\u011bleny na knihy pro DOSP\u011aL\u00c9 a pro D\u011aTI. D\u00e1le se ob\u011b skupiny d\u011bl\u00ed na BELETRII (kr\u00e1snou literaturu) a NAU\u010cNOU literaturu. Beletrie Nau\u010dn\u00e1 literatura *** P\u0159ehled t\u0159\u00edd MDT (Mezin\u00e1rodn\u00ed desetinn\u00e9 t\u0159\u00edd\u011bn\u00ed) pro orientaci&nbsp;nau\u010dn\u00e9 [&hellip;]<\/p>\n","protected":false},"author":3,"featured_media":0,"parent":9,"menu_order":0,"comment_status":"closed","ping_status":"closed","template":"","meta":{"footnotes":""},"class_list":["post-5071","page","type-page","status-publish","hentry"],"_links":{"self":[{"href":"http:\/\/knihovna.nyrany.cz\/index.php?rest_route=\/wp\/v2\/pages\/5071","targetHints":{"allow":["GET"]}}],"collection":[{"href":"http:\/\/knihovna.nyrany.cz\/index.php?rest_route=\/wp\/v2\/pages"}],"about":[{"href":"http:\/\/knihovna.nyrany.cz\/index.php?rest_route=\/wp\/v2\/types\/page"}],"author":[{"embeddable":true,"href":"http:\/\/knihovna.nyrany.cz\/index.php?rest_route=\/wp\/v2\/users\/3"}],"replies":[{"embeddable":true,"href":"http:\/\/knihovna.nyrany.cz\/index.php?rest_route=%2Fwp%2Fv2%2Fcomments&post=5071"}],"version-history":[{"count":7,"href":"http:\/\/knihovna.nyrany.cz\/index.php?rest_route=\/wp\/v2\/pages\/5071\/revisions"}],"predecessor-version":[{"id":5222,"href":"http:\/\/knihovna.nyrany.cz\/index.php?rest_route=\/wp\/v2\/pages\/5071\/revisions\/5222"}],"up":[{"embeddable":true,"href":"http:\/\/knihovna.nyrany.cz\/index.php?rest_route=\/wp\/v2\/pages\/9"}],"wp:attachment":[{"href":"http:\/\/knihovna.nyrany.cz\/index.php?rest_route=%2Fwp%2Fv2%2Fmedia&parent=5071"}],"curies":[{"name":"wp","href":"https:\/\/api.w.org\/{rel}","templated":true}]}}